{"id":8908,"date":"2024-10-25T09:29:45","date_gmt":"2024-10-25T13:29:45","guid":{"rendered":"https:\/\/purdelys.com\/a-propos\/heritage_v1\/"},"modified":"2024-12-16T11:40:34","modified_gmt":"2024-12-16T16:40:34","slug":"heritage_v1","status":"publish","type":"page","link":"https:\/\/purdelys.com\/en\/a-propos\/heritage_v1\/","title":{"rendered":"Heritage_v1"},"content":{"rendered":"\t\t<div data-elementor-type=\"wp-page\" data-elementor-id=\"8908\" class=\"elementor elementor-8908 elementor-6153\">\n\t\t\t\t\t\t<section class=\"elementor-section elementor-top-section elementor-element elementor-element-475d6c58 elementor-section-full_width elementor-section-height-default elementor-section-height-default qodef-elementor-content-no\" data-id=\"475d6c58\" data-element_type=\"section\" data-e-type=\"section\">\n\t\t\t\t\t\t<div class=\"elementor-container elementor-column-gap-default\">\n\t\t\t\t\t<div class=\"elementor-column elementor-col-50 elementor-top-column elementor-element elementor-element-5b056721\" data-id=\"5b056721\" data-element_type=\"column\" data-e-type=\"column\">\n\t\t\t<div class=\"elementor-widget-wrap elementor-element-populated\">\n\t\t\t\t\t\t<div class=\"elementor-element elementor-element-133e3f22 elementor-widget elementor-widget-bottanika_core_single_image\" data-id=\"133e3f22\" data-element_type=\"widget\" data-e-type=\"widget\" data-widget_type=\"bottanika_core_single_image.default\">\n\t\t\t\t<div class=\"elementor-widget-container\">\n\t\t\t\t\t<div class=\"qodef-shortcode qodef-m  qodef-single-image qodef-layout--default qodef-appear-animation--yes qodef-animation-direction--right qodef-parallax-animation--no\" data-distance=\"50\" data-smoothness=\"60\">\n\t<div class=\"qodef-m-image\">\n\t\t\t<img fetchpriority=\"high\" decoding=\"async\" width=\"1667\" height=\"1234\" src=\"https:\/\/purdelys.com\/wp-content\/uploads\/2024\/11\/img_mission2-e1731637577517.jpg\" class=\"attachment-full size-full\" alt=\"\" srcset=\"https:\/\/purdelys.com\/wp-content\/uploads\/2024\/11\/img_mission2-e1731637577517.jpg 1667w, https:\/\/purdelys.com\/wp-content\/uploads\/2024\/11\/img_mission2-e1731637577517-300x222.jpg 300w, https:\/\/purdelys.com\/wp-content\/uploads\/2024\/11\/img_mission2-e1731637577517-1024x758.jpg 1024w, https:\/\/purdelys.com\/wp-content\/uploads\/2024\/11\/img_mission2-e1731637577517-768x569.jpg 768w, https:\/\/purdelys.com\/wp-content\/uploads\/2024\/11\/img_mission2-e1731637577517-1536x1137.jpg 1536w, https:\/\/purdelys.com\/wp-content\/uploads\/2024\/11\/img_mission2-e1731637577517-600x444.jpg 600w\" sizes=\"(max-width: 1667px) 100vw, 1667px\" \/>\t<\/div>\n<\/div>\n\t\t\t\t<\/div>\n\t\t\t\t<\/div>\n\t\t\t\t\t<\/div>\n\t\t<\/div>\n\t\t\t\t<div class=\"elementor-column elementor-col-50 elementor-top-column elementor-element elementor-element-74dd241\" data-id=\"74dd241\" data-element_type=\"column\" data-e-type=\"column\">\n\t\t\t<div class=\"elementor-widget-wrap elementor-element-populated\">\n\t\t\t\t\t\t<div class=\"elementor-element elementor-element-694b1df elementor-widget__width-initial elementor-widget-tablet__width-inherit elementor-widget elementor-widget-bottanika_core_section_title\" data-id=\"694b1df\" data-element_type=\"widget\" data-e-type=\"widget\" data-widget_type=\"bottanika_core_section_title.default\">\n\t\t\t\t<div class=\"elementor-widget-container\">\n\t\t\t\t\t<div class=\"qodef-shortcode qodef-m  qodef-section-title qodef-alignment--left\">\n\t\t<span class=\"qodef-m-tagline\" style=\"margin-bottom: 8px\">Heritage<\/span>\n\t\t<h3 class=\"qodef-m-title\" >\n\t\t\t\t\tA FERTILE GROUND FOR INNOVATION FOR OVER TWO CENTURIES\t\t\t<\/h3>\n\t\t\t<p class=\"qodef-m-text\" style=\"margin-top: 12px;color: #6B6B6B\">Built on resilient soil that has been nurtured, cultivated, and naturally revitalized for over 20 years of organic market gardening, PurD\u00e9lys continues to leverage constant innovation to adopt sustainable agricultural practices.\n<br \/><br \/>\nGrown with the utmost respect for nature, each of our organic fruits, vegetables, and grains is not only a vital source of essential nutrients but also a testament to the possibility of producing high-quality organic products at scale.\n<\/p>\n<\/div>\n\t\t\t\t<\/div>\n\t\t\t\t<\/div>\n\t\t\t\t\t<\/div>\n\t\t<\/div>\n\t\t\t\t\t<\/div>\n\t\t<\/section>\n\t\t\t\t<section class=\"elementor-section elementor-top-section elementor-element elementor-element-75eb3cf qodef-elementor-content-grid elementor-section-boxed elementor-section-height-default elementor-section-height-default\" data-id=\"75eb3cf\" data-element_type=\"section\" data-e-type=\"section\">\n\t\t\t\t\t\t<div class=\"elementor-container elementor-column-gap-default\">\n\t\t\t\t\t<div class=\"elementor-column elementor-col-100 elementor-top-column elementor-element elementor-element-eeb986c\" data-id=\"eeb986c\" data-element_type=\"column\" data-e-type=\"column\">\n\t\t\t<div class=\"elementor-widget-wrap elementor-element-populated\">\n\t\t\t\t\t\t<div class=\"elementor-element elementor-element-5a5bcf8 elementor-widget elementor-widget-bottanika_core_section_title\" data-id=\"5a5bcf8\" data-element_type=\"widget\" data-e-type=\"widget\" data-widget_type=\"bottanika_core_section_title.default\">\n\t\t\t\t<div class=\"elementor-widget-container\">\n\t\t\t\t\t<div class=\"qodef-shortcode qodef-m  qodef-section-title qodef-alignment--center\">\n\t\t<span class=\"qodef-m-tagline\" style=\"margin-bottom: 8px\">Heritage<\/span>\n\t\t<h3 class=\"qodef-m-title\" >\n\t\t\t\t\tGENERATIONS OF PASSION FOR SUSTAINABLE FARMING\t\t\t<\/h3>\n\t\t\t<p class=\"qodef-m-text\" style=\"margin-top: 12px;color: #6B6B6B\">From the first family farm established in Saint-Isidore-de-Laprairie in 1772 to today, the DesGroseilliers family has cultivated the land with passion and respect. This agricultural heritage has been passed down through generations. In 2009, however, the farm officially transitioned to organic farming after years of preparation led by pioneers Marcel DesGroseilliers and Marie-France Loh\u00e9, a legacy now carried forward by their children with the creation of Jardins PurD\u00e9lys.<\/p>\n<\/div>\n\t\t\t\t<\/div>\n\t\t\t\t<\/div>\n\t\t\t\t\t<\/div>\n\t\t<\/div>\n\t\t\t\t\t<\/div>\n\t\t<\/section>\n\t\t\t\t<section class=\"elementor-section elementor-top-section elementor-element elementor-element-c7a256c elementor-section-full_width qodef-elementor-content-grid qodef-extended-grid qodef-extended-grid--right qodef-extended-grid-disabled--1024 elementor-section-height-default elementor-section-height-default\" data-id=\"c7a256c\" data-element_type=\"section\" data-e-type=\"section\">\n\t\t\t\t\t\t<div class=\"elementor-container elementor-column-gap-default\">\n\t\t\t\t\t<div class=\"elementor-column elementor-col-100 elementor-top-column elementor-element elementor-element-94de3e5\" data-id=\"94de3e5\" data-element_type=\"column\" data-e-type=\"column\">\n\t\t\t<div class=\"elementor-widget-wrap elementor-element-populated\">\n\t\t\t\t\t\t<div class=\"elementor-element elementor-element-4930389 elementor-view-default elementor-widget elementor-widget-icon\" data-id=\"4930389\" data-element_type=\"widget\" data-e-type=\"widget\" data-widget_type=\"icon.default\">\n\t\t\t\t<div class=\"elementor-widget-container\">\n\t\t\t\t\t\t\t<div class=\"elementor-icon-wrapper\">\n\t\t\t<div class=\"elementor-icon\">\n\t\t\t<svg xmlns=\"http:\/\/www.w3.org\/2000\/svg\" xmlns:xlink=\"http:\/\/www.w3.org\/1999\/xlink\" fill=\"#000000\" width=\"800px\" height=\"800px\" viewBox=\"0 0 1000 1000\" xml:space=\"preserve\"><g><g transform=\"translate(0.000000,511.000000) scale(0.100000,-0.100000)\"><path d=\"M1296,4545.5L833.5,4083l474.7-474.7l472.7-472.7l122.2,122.3l122.2,122.2l-264.9,264.9l-264.9,264.9h1238.7h1236.7V4083v173.2H2744.6H1516l254.7,254.7l254.7,254.7l-122.2,122.2c-67.2,67.2-126.3,122.2-132.4,122.2C1764.6,5010,1550.7,4802.2,1296,4545.5z\"><\/path><path d=\"M8117.3,4887.8L7995,4765.5l254.7-254.7l254.7-254.7H7275.8H6049.3V4083v-173.2H7286h1238.7l-264.9-264.9L7995,3380.1l122.3-122.2l122.2-122.3l462.5,462.5c256.7,254.7,464.5,472.7,464.5,484.9c0,20.4-896.5,927-916.8,927C8243.6,5010,8184.5,4955,8117.3,4887.8z\"><\/path><path d=\"M4653.6,3003.1l-326-189.5l-6.1-1361l-6.1-1363l-690.7-489l-690.7-489l-2-853.7v-851.6l686.6-1098.2L4305.2-4790h199.7c110,0,199.7,4.1,199.7,8.2c0,4.1-319.9,521.6-713.1,1149.1l-713.1,1141v709v711.1l501.2,356.6c275,195.6,509.4,360.6,519.5,362.7c10.2,4.1,18.3-328,18.3-819.1v-827.2h173.2h173.2V309.7V2616l173.2,97.8l173.2,95.8l173.2-95.8l173.2-97.8V1175.6V-266.9h173.2h173.2V85.6V436l173.2,97.8c95.8,55,181.3,95.8,189.5,91.7c8.2-4.1,85.6-44.8,173.2-93.7l156.9-87.6V87.6v-354.5h171.1h171.1l12.2,63.1c6.1,34.6,12.2,144.7,12.2,242.5V218l165,97.8c91.7,53,177.3,95.8,191.5,95.8s97.8-40.7,185.4-93.7l161-93.7l-10.2-244.5l-10.2-246.5h179.3h177.3v179.3V89.6l167.1,91.7c91.7,50.9,175.2,89.6,185.4,85.6c10.2-2,91.7-46.9,179.3-97.8l161-93.7V-971.9v-1045.2l-346.4-925L7801.5-3865v-462.5V-4790h173.2h173.2v431.9v429.9l346.4,925l346.4,922.9v1177.6V273l-350.4,201.7l-350.4,201.7l-93.7-55c-50.9-30.6-130.4-73.3-175.2-97.8l-83.5-42.8l-334.1,169.1L7118.9,819l-71.3-38.7c-38.7-22.4-118.2-67.2-175.2-99.8l-103.9-57l-358.6,203.7l-358.6,205.8l-169.1-97.8l-169.1-99.8l-10.2,990.2l-10.2,988.1l-332.1,191.5c-181.3,105.9-342.3,191.5-356.5,189.5C4991.9,3194.7,4832.9,3109.1,4653.6,3003.1z\"><\/path><\/g><\/g><\/svg>\t\t\t<\/div>\n\t\t<\/div>\n\t\t\t\t\t\t<\/div>\n\t\t\t\t<\/div>\n\t\t\t\t<div class=\"elementor-element elementor-element-fa40435 elementor-widget elementor-widget-bottanika_workflow_gallery\" data-id=\"fa40435\" data-element_type=\"widget\" data-e-type=\"widget\" data-widget_type=\"bottanika_workflow_gallery.default\">\n\t\t\t\t<div class=\"elementor-widget-container\">\n\t\t\t\t\t<div class=\"qodef-shortcode qodef-m  qodef-workflow\">\n\t<div class=\"qodef-m-line\"><\/div>\n\t\t\t<div class=\"qodef-m-inner clearfix\">\n\t\t\t\t\t\t\t<div class=\"qodef-e-item qodef-e qodef-order--odd\">\n\t\t\t\t\t<div class=\"qodef-e-content\">\n\t\t\t\t\t\t\t\t\t\t\t\t\t<h5 class=\"qodef-e-date-range\">1772<\/h5>\n\t\t\t\t\t\t\t\t\t\t\t\t\t\t\t\t\t\t\t<p class=\"qodef-e-text\">Clearing of the family land by Joseph Prosper, marking the beginning of their agricultural vocation.<\/p>\n\t\t\t\t\t\t\t\t\t\t\t<\/div>\n\t\t\t\t\t<div class=\"qodef-e-circle-holder\">\n\t\t\t\t\t\t<div class=\"qodef-e-circle\"><\/div>\n\t\t\t\t\t<\/div>\n\t\t\t\t<\/div>\n\t\t\t\t\t\t\t<div class=\"qodef-e-item qodef-e qodef-order--even\">\n\t\t\t\t\t<div class=\"qodef-e-content\">\n\t\t\t\t\t\t\t\t\t\t\t\t\t<h5 class=\"qodef-e-date-range\">1985<\/h5>\n\t\t\t\t\t\t\t\t\t\t\t\t\t\t\t\t\t\t\t<p class=\"qodef-e-text\">Creation of the entity Les Mara\u00eechers Bec Sucr\u00e9 by Marcel DesGroseilliers.<\/p>\n\t\t\t\t\t\t\t\t\t\t\t<\/div>\n\t\t\t\t\t<div class=\"qodef-e-circle-holder\">\n\t\t\t\t\t\t<div class=\"qodef-e-circle\"><\/div>\n\t\t\t\t\t<\/div>\n\t\t\t\t<\/div>\n\t\t\t\t\t\t\t<div class=\"qodef-e-item qodef-e qodef-order--odd\">\n\t\t\t\t\t<div class=\"qodef-e-content\">\n\t\t\t\t\t\t\t\t\t\t\t\t\t<h5 class=\"qodef-e-date-range\">2005<\/h5>\n\t\t\t\t\t\t\t\t\t\t\t\t\t\t\t\t\t\t\t<p class=\"qodef-e-text\">Start of the transition to organic farming for certain crops.<\/p>\n\t\t\t\t\t\t\t\t\t\t\t<\/div>\n\t\t\t\t\t<div class=\"qodef-e-circle-holder\">\n\t\t\t\t\t\t<div class=\"qodef-e-circle\"><\/div>\n\t\t\t\t\t<\/div>\n\t\t\t\t<\/div>\n\t\t\t\t\t\t\t<div class=\"qodef-e-item qodef-e qodef-order--even\">\n\t\t\t\t\t<div class=\"qodef-e-content\">\n\t\t\t\t\t\t\t\t\t\t\t\t\t<h5 class=\"qodef-e-date-range\">2009<\/h5>\n\t\t\t\t\t\t\t\t\t\t\t\t\t\t\t\t\t\t\t<p class=\"qodef-e-text\">Obtaining organic certification and the official creation of Jardins PurD\u00e9lys.<\/p>\n\t\t\t\t\t\t\t\t\t\t\t<\/div>\n\t\t\t\t\t<div class=\"qodef-e-circle-holder\">\n\t\t\t\t\t\t<div class=\"qodef-e-circle\"><\/div>\n\t\t\t\t\t<\/div>\n\t\t\t\t<\/div>\n\t\t\t\t\t<\/div>\n\t<\/div>\n\t\t\t\t<\/div>\n\t\t\t\t<\/div>\n\t\t\t\t\t<\/div>\n\t\t<\/div>\n\t\t\t\t\t<\/div>\n\t\t<\/section>\n\t\t\t\t<section class=\"elementor-section elementor-top-section elementor-element elementor-element-d503d7a qodef-elementor-content-grid elementor-section-boxed elementor-section-height-default elementor-section-height-default\" data-id=\"d503d7a\" data-element_type=\"section\" data-e-type=\"section\">\n\t\t\t\t\t\t<div class=\"elementor-container elementor-column-gap-default\">\n\t\t\t\t\t<div class=\"elementor-column elementor-col-50 elementor-top-column elementor-element elementor-element-494f0fa\" data-id=\"494f0fa\" data-element_type=\"column\" data-e-type=\"column\">\n\t\t\t<div class=\"elementor-widget-wrap elementor-element-populated\">\n\t\t\t\t\t\t<div class=\"elementor-element elementor-element-47a93db elementor-widget__width-initial elementor-widget-tablet__width-inherit elementor-widget elementor-widget-bottanika_core_section_title\" data-id=\"47a93db\" data-element_type=\"widget\" data-e-type=\"widget\" data-widget_type=\"bottanika_core_section_title.default\">\n\t\t\t\t<div class=\"elementor-widget-container\">\n\t\t\t\t\t<div class=\"qodef-shortcode qodef-m  qodef-section-title qodef-alignment--left\">\n\t\t<span class=\"qodef-m-tagline\" style=\"margin-bottom: 8px\">Heritage<\/span>\n\t\t<h3 class=\"qodef-m-title\" >\n\t\t\t\t\tPRESERVING THE MEMORY OF THE LAND\t\t\t<\/h3>\n\t\t<\/div>\n\t\t\t\t<\/div>\n\t\t\t\t<\/div>\n\t\t\t\t<div class=\"elementor-element elementor-element-debfc3a elementor-widget elementor-widget-text-editor\" data-id=\"debfc3a\" data-element_type=\"widget\" data-e-type=\"widget\" data-widget_type=\"text-editor.default\">\n\t\t\t\t<div class=\"elementor-widget-container\">\n\t\t\t\t\t\t\t\t\t<p>Over the years, PurD\u00e9lys has acquired land from neighboring families whose original owners wished to retire and had no successors to continue their farming activities. As a tribute to these dedicated farmers who devoted their lives to nurturing the land they cultivated, we chose to preserve their names to identify our fields.<br \/><br \/><\/p><p>Thus, our fields are not simply numbered; they carry names such as Dulude, Sicard, Vinet, Fontaine, and others. These families, at one time or another, contributed to the growth of our beautiful region through their hard work. They entrusted us to continue cultivating their land in our own way, and it is important to us that we honor and remember them.<\/p>\t\t\t\t\t\t\t\t<\/div>\n\t\t\t\t<\/div>\n\t\t\t\t\t<\/div>\n\t\t<\/div>\n\t\t\t\t<div class=\"elementor-column elementor-col-50 elementor-top-column elementor-element elementor-element-28a0fd6\" data-id=\"28a0fd6\" data-element_type=\"column\" data-e-type=\"column\">\n\t\t\t<div class=\"elementor-widget-wrap elementor-element-populated\">\n\t\t\t\t\t\t<div class=\"elementor-element elementor-element-823b12e elementor-widget elementor-widget-bottanika_core_single_image\" data-id=\"823b12e\" data-element_type=\"widget\" data-e-type=\"widget\" data-widget_type=\"bottanika_core_single_image.default\">\n\t\t\t\t<div class=\"elementor-widget-container\">\n\t\t\t\t\t<div class=\"qodef-shortcode qodef-m  qodef-single-image qodef-layout--default qodef-appear-animation--yes qodef-animation-direction--left qodef-parallax-animation--no\" data-distance=\"50\" data-smoothness=\"60\">\n\t<div class=\"qodef-m-image\">\n\t\t\t<img decoding=\"async\" width=\"1667\" height=\"1920\" src=\"https:\/\/purdelys.com\/wp-content\/uploads\/2024\/10\/img_mission.jpg\" class=\"attachment-full size-full\" alt=\"Nos valeurs sont profond\u00e9ment ancr\u00e9es dans notre h\u00e9ritage familial agricole.\" srcset=\"https:\/\/purdelys.com\/wp-content\/uploads\/2024\/10\/img_mission.jpg 1667w, https:\/\/purdelys.com\/wp-content\/uploads\/2024\/10\/img_mission-260x300.jpg 260w, https:\/\/purdelys.com\/wp-content\/uploads\/2024\/10\/img_mission-889x1024.jpg 889w, https:\/\/purdelys.com\/wp-content\/uploads\/2024\/10\/img_mission-768x885.jpg 768w, https:\/\/purdelys.com\/wp-content\/uploads\/2024\/10\/img_mission-1334x1536.jpg 1334w, https:\/\/purdelys.com\/wp-content\/uploads\/2024\/10\/img_mission-600x691.jpg 600w\" sizes=\"(max-width: 1667px) 100vw, 1667px\" \/>\t<\/div>\n<\/div>\n\t\t\t\t<\/div>\n\t\t\t\t<\/div>\n\t\t\t\t\t<\/div>\n\t\t<\/div>\n\t\t\t\t\t<\/div>\n\t\t<\/section>\n\t\t\t\t<section class=\"elementor-section elementor-top-section elementor-element elementor-element-e28d231 elementor-section-full_width elementor-section-stretched elementor-section-content-middle elementor-section-height-default elementor-section-height-default qodef-elementor-content-no\" data-id=\"e28d231\" data-element_type=\"section\" data-e-type=\"section\" data-settings=\"{&quot;stretch_section&quot;:&quot;section-stretched&quot;}\">\n\t\t\t\t\t\t<div class=\"elementor-container elementor-column-gap-no\">\n\t\t\t\t\t<div class=\"elementor-column elementor-col-50 elementor-top-column elementor-element elementor-element-4af5980\" data-id=\"4af5980\" data-element_type=\"column\" data-e-type=\"column\">\n\t\t\t<div class=\"elementor-widget-wrap elementor-element-populated\">\n\t\t\t\t\t\t<div class=\"elementor-element elementor-element-d6d94b0 elementor-widget elementor-widget-bottanika_core_banner\" data-id=\"d6d94b0\" data-element_type=\"widget\" data-e-type=\"widget\" data-widget_type=\"bottanika_core_banner.default\">\n\t\t\t\t<div class=\"elementor-widget-container\">\n\t\t\t\t\t<div class=\"qodef-shortcode qodef-m  qodef-banner\">\n\t<div class=\"qodef-m-image\">\n\t<img decoding=\"async\" width=\"2500\" height=\"1667\" src=\"https:\/\/purdelys.com\/wp-content\/uploads\/2024\/10\/entete_phiolophie.jpg\" class=\"attachment-full size-full\" alt=\"\" srcset=\"https:\/\/purdelys.com\/wp-content\/uploads\/2024\/10\/entete_phiolophie.jpg 2500w, https:\/\/purdelys.com\/wp-content\/uploads\/2024\/10\/entete_phiolophie-300x200.jpg 300w, https:\/\/purdelys.com\/wp-content\/uploads\/2024\/10\/entete_phiolophie-1024x683.jpg 1024w, https:\/\/purdelys.com\/wp-content\/uploads\/2024\/10\/entete_phiolophie-768x512.jpg 768w, https:\/\/purdelys.com\/wp-content\/uploads\/2024\/10\/entete_phiolophie-1536x1024.jpg 1536w, https:\/\/purdelys.com\/wp-content\/uploads\/2024\/10\/entete_phiolophie-2048x1366.jpg 2048w, https:\/\/purdelys.com\/wp-content\/uploads\/2024\/10\/entete_phiolophie-600x400.jpg 600w\" sizes=\"(max-width: 2500px) 100vw, 2500px\" \/><\/div>\n\t<div class=\"qodef-m-content\">\n\t\t\t\t\t<h2 class=\"qodef-m-title\" >\n        <span>\n            COMMUNITY        <\/span>\n\t<\/h2>\n\t\t\t<p class=\"qodef-m-text\" >Harvests That Nourish <br>Much More Than the Soil\n<\/p>\n\t<\/div>\n\t<a itemprop=\"url\" href=\"https:\/\/purdelys.com\/en\/about-us\/community\/\" class=\"qodef-m-link\" target=\"_self\"><\/a>\n\n<\/div>\n\t\t\t\t<\/div>\n\t\t\t\t<\/div>\n\t\t\t\t\t<\/div>\n\t\t<\/div>\n\t\t\t\t<div class=\"elementor-column elementor-col-50 elementor-top-column elementor-element elementor-element-269860d\" data-id=\"269860d\" data-element_type=\"column\" data-e-type=\"column\">\n\t\t\t<div class=\"elementor-widget-wrap elementor-element-populated\">\n\t\t\t\t\t\t<div class=\"elementor-element elementor-element-19373d9 elementor-widget__width-inherit elementor-widget elementor-widget-bottanika_core_banner\" data-id=\"19373d9\" data-element_type=\"widget\" data-e-type=\"widget\" data-widget_type=\"bottanika_core_banner.default\">\n\t\t\t\t<div class=\"elementor-widget-container\">\n\t\t\t\t\t<div class=\"qodef-shortcode qodef-m  qodef-banner\">\n\t<div class=\"qodef-m-image\">\n\t<img loading=\"lazy\" decoding=\"async\" width=\"2500\" height=\"1667\" src=\"https:\/\/purdelys.com\/wp-content\/uploads\/2024\/11\/Img_a-propos_bloc_2500x1667_rev.jpg\" class=\"attachment-full size-full\" alt=\"Nos produits - L\u00e9gumes et fruits - Purd\u00e9lys\" srcset=\"https:\/\/purdelys.com\/wp-content\/uploads\/2024\/11\/Img_a-propos_bloc_2500x1667_rev.jpg 2500w, https:\/\/purdelys.com\/wp-content\/uploads\/2024\/11\/Img_a-propos_bloc_2500x1667_rev-300x200.jpg 300w, https:\/\/purdelys.com\/wp-content\/uploads\/2024\/11\/Img_a-propos_bloc_2500x1667_rev-1024x683.jpg 1024w, https:\/\/purdelys.com\/wp-content\/uploads\/2024\/11\/Img_a-propos_bloc_2500x1667_rev-768x512.jpg 768w, https:\/\/purdelys.com\/wp-content\/uploads\/2024\/11\/Img_a-propos_bloc_2500x1667_rev-1536x1024.jpg 1536w, https:\/\/purdelys.com\/wp-content\/uploads\/2024\/11\/Img_a-propos_bloc_2500x1667_rev-2048x1366.jpg 2048w, https:\/\/purdelys.com\/wp-content\/uploads\/2024\/11\/Img_a-propos_bloc_2500x1667_rev-600x400.jpg 600w\" sizes=\"(max-width: 2500px) 100vw, 2500px\" \/><\/div>\n\t<div class=\"qodef-m-content\">\n\t\t\t\t\t<h2 class=\"qodef-m-title\" style=\"color: #000000\">\n        <span>\n            ABOUT US        <\/span>\n\t<\/h2>\n\t\t\t<p class=\"qodef-m-text\" style=\"color: #000000\">A Tradition of Excellence <br>for Over Two Centuries<\/p>\n\t<\/div>\n\t<a itemprop=\"url\" href=\"https:\/\/purdelys.com\/en\/a-propos\/\" class=\"qodef-m-link\" target=\"_self\"><\/a>\n\n<\/div>\n\t\t\t\t<\/div>\n\t\t\t\t<\/div>\n\t\t\t\t\t<\/div>\n\t\t<\/div>\n\t\t\t\t\t<\/div>\n\t\t<\/section>\n\t\t\t\t<\/div>\n\t\t","protected":false},"excerpt":{"rendered":"<p>Heritage A FERTILE GROUND FOR INNOVATION FOR OVER TWO CENTURIES Built on resilient soil that has been nurtured, cultivated, and naturally revitalized for over 20 years of organic market gardening, PurD\u00e9lys continues to leverage constant innovation to adopt sustainable agricultural practices. Grown with the utmost respect for nature, each of our organic fruits, vegetables, and [&hellip;]<\/p>\n","protected":false},"author":2,"featured_media":0,"parent":8028,"menu_order":0,"comment_status":"closed","ping_status":"closed","template":"page-full-width.php","meta":{"footnotes":""},"class_list":["post-8908","page","type-page","status-publish","hentry"],"_links":{"self":[{"href":"https:\/\/purdelys.com\/en\/wp-json\/wp\/v2\/pages\/8908","targetHints":{"allow":["GET"]}}],"collection":[{"href":"https:\/\/purdelys.com\/en\/wp-json\/wp\/v2\/pages"}],"about":[{"href":"https:\/\/purdelys.com\/en\/wp-json\/wp\/v2\/types\/page"}],"author":[{"embeddable":true,"href":"https:\/\/purdelys.com\/en\/wp-json\/wp\/v2\/users\/2"}],"replies":[{"embeddable":true,"href":"https:\/\/purdelys.com\/en\/wp-json\/wp\/v2\/comments?post=8908"}],"version-history":[{"count":10,"href":"https:\/\/purdelys.com\/en\/wp-json\/wp\/v2\/pages\/8908\/revisions"}],"predecessor-version":[{"id":9169,"href":"https:\/\/purdelys.com\/en\/wp-json\/wp\/v2\/pages\/8908\/revisions\/9169"}],"up":[{"embeddable":true,"href":"https:\/\/purdelys.com\/en\/wp-json\/wp\/v2\/pages\/8028"}],"wp:attachment":[{"href":"https:\/\/purdelys.com\/en\/wp-json\/wp\/v2\/media?parent=8908"}],"curies":[{"name":"wp","href":"https:\/\/api.w.org\/{rel}","templated":true}]}}