{"id":8910,"date":"2021-06-08T06:38:19","date_gmt":"2021-06-08T10:38:19","guid":{"rendered":"https:\/\/purdelys.com\/contact\/"},"modified":"2024-12-06T13:23:50","modified_gmt":"2024-12-06T18:23:50","slug":"contact","status":"publish","type":"page","link":"https:\/\/purdelys.com\/en\/contact\/","title":{"rendered":"Contact"},"content":{"rendered":"\t\t<div data-elementor-type=\"wp-page\" data-elementor-id=\"8910\" class=\"elementor elementor-8910 elementor-3593\">\n\t\t\t\t\t\t<section class=\"elementor-section elementor-top-section elementor-element elementor-element-71ddc39 qodef-elementor-content-grid elementor-reverse-tablet elementor-reverse-mobile elementor-section-boxed elementor-section-height-default elementor-section-height-default\" data-id=\"71ddc39\" data-element_type=\"section\" data-e-type=\"section\">\n\t\t\t\t\t\t<div class=\"elementor-container elementor-column-gap-default\">\n\t\t\t\t\t<div class=\"elementor-column elementor-col-50 elementor-top-column elementor-element elementor-element-70b7981\" data-id=\"70b7981\" data-element_type=\"column\" data-e-type=\"column\">\n\t\t\t<div class=\"elementor-widget-wrap elementor-element-populated\">\n\t\t\t\t\t\t<div class=\"elementor-element elementor-element-7e02802 elementor-widget elementor-widget-bottanika_core_section_title\" data-id=\"7e02802\" data-element_type=\"widget\" data-e-type=\"widget\" data-widget_type=\"bottanika_core_section_title.default\">\n\t\t\t\t<div class=\"elementor-widget-container\">\n\t\t\t\t\t<div class=\"qodef-shortcode qodef-m  qodef-section-title qodef-alignment--left\">\n\t\t<span class=\"qodef-m-tagline\" style=\"margin-bottom: 8px\">Farming in Saint-Isidore-de-Laprairie, Quebec<\/span>\n\t\t<h3 class=\"qodef-m-title\" >\n\t\t\t\t\tJardins PurD\u00e9lys\t\t\t<\/h3>\n\t\t<h6 class=\"qodef-m-subtitle\" style=\"color: #6B6B6B\">PurD\u00e9lys is proud to produce certified organic fruits, vegetables, and grains, marketed through our division, Mara\u00eechers Bec Sucr\u00e9. Our organic production is dedicated to supplying food chains in Quebec, Canada, and the United States.<\/h6>\n\t\t<p class=\"qodef-m-text\" style=\"margin-top: 12px;color: #6B6B6B\">\n\n<\/p>\n<\/div>\n\t\t\t\t<\/div>\n\t\t\t\t<\/div>\n\t\t\t\t<div class=\"elementor-element elementor-element-def609a elementor-widget elementor-widget-bottanika_core_icon_list_item\" data-id=\"def609a\" data-element_type=\"widget\" data-e-type=\"widget\" data-widget_type=\"bottanika_core_icon_list_item.default\">\n\t\t\t\t<div class=\"elementor-widget-container\">\n\t\t\t\t\t<div class=\"qodef-icon-list-item qodef-icon--icon-pack\" >\n\t<p class=\"qodef-e-title\" style=\"color: #6A6A6A\">\n\t\t\t\t\t<a itemprop=\"url\" href=\"https:\/\/www.google.ca\/maps\/place\/Jardins+PurD%C3%A9lys+Inc\/@45.3045807,-73.6812514,16z\/data=!4m15!1m8!3m7!1s0x4cc96cf978ab7f97:0xee83ce3581236a07!2s565+Rang+Saint-R%C3%A9gis,+Saint-Isidore-de-Laprairie,+QC+J0L+2A0!3b1!8m2!3d45.304577!4d-73.6786765!16s%2Fg%2F11c5kn_52v!3m5!1s0x4cc96cfa34337283:0x2a09fe182b082ead!8m2!3d45.3043518!4d-73.6776428!16s%2Fg%2F1ptwbx0c5?hl=fr&#038;entry=ttu&#038;g_ep=EgoyMDI0MTAxNi4wIKXMDSoASAFQAw%3D%3D\" target=\"_blank\" rel=\"noopener\">\n\t\t\t\t\t<span class=\"qodef-e-title-inner\">\n\t\t\t\t<span class=\"qodef-shortcode qodef-m  qodef-icon-holder  qodef-layout--normal\"  >\t\t\t<span class=\"qodef-icon-elegant-icons icon_pin_alt qodef-icon qodef-e\" style=\"\" ><\/span>\t<\/span>\t\t\t\t<span class=\"qodef-e-title-text\">565 Rang Saint-R\u00e9gis, Saint-Isidore-de-Laprairie, QC, Canada, J0L 2A0<\/span>\n\t\t\t<\/span>\n\t\t\t\t\t<\/a>\n\t\t\t<\/p>\n<\/div>\n\t\t\t\t<\/div>\n\t\t\t\t<\/div>\n\t\t\t\t<div class=\"elementor-element elementor-element-0a8b0d5 elementor-widget elementor-widget-bottanika_core_icon_list_item\" data-id=\"0a8b0d5\" data-element_type=\"widget\" data-e-type=\"widget\" data-widget_type=\"bottanika_core_icon_list_item.default\">\n\t\t\t\t<div class=\"elementor-widget-container\">\n\t\t\t\t\t<div class=\"qodef-icon-list-item qodef-icon--icon-pack\" >\n\t<p class=\"qodef-e-title\" style=\"color: #6A6A6A\">\n\t\t\t\t\t<a itemprop=\"url\" href=\"mailto:info@purdelys.com\" target=\"_self\">\n\t\t\t\t\t<span class=\"qodef-e-title-inner\">\n\t\t\t\t<span class=\"qodef-shortcode qodef-m  qodef-icon-holder  qodef-layout--normal\"  >\t\t\t<span class=\"qodef-icon-elegant-icons icon_mail_alt qodef-icon qodef-e\" style=\"\" ><\/span>\t<\/span>\t\t\t\t<span class=\"qodef-e-title-text\">info@mbecsucre.ca<\/span>\n\t\t\t<\/span>\n\t\t\t\t\t<\/a>\n\t\t\t<\/p>\n<\/div>\n\t\t\t\t<\/div>\n\t\t\t\t<\/div>\n\t\t\t\t<div class=\"elementor-element elementor-element-4d863f3 elementor-widget elementor-widget-bottanika_core_icon_list_item\" data-id=\"4d863f3\" data-element_type=\"widget\" data-e-type=\"widget\" data-widget_type=\"bottanika_core_icon_list_item.default\">\n\t\t\t\t<div class=\"elementor-widget-container\">\n\t\t\t\t\t<div class=\"qodef-icon-list-item qodef-icon--icon-pack\" >\n\t<p class=\"qodef-e-title\" style=\"color: #6A6A6A\">\n\t\t\t\t\t<a itemprop=\"url\" href=\"tel:+4504544110\" target=\"_self\">\n\t\t\t\t\t<span class=\"qodef-e-title-inner\">\n\t\t\t\t<span class=\"qodef-shortcode qodef-m  qodef-icon-holder  qodef-layout--normal\"  >\t\t\t<span class=\"qodef-icon-elegant-icons icon_headphones qodef-icon qodef-e\" style=\"\" ><\/span>\t<\/span>\t\t\t\t<span class=\"qodef-e-title-text\">+ 450 454-4110<\/span>\n\t\t\t<\/span>\n\t\t\t\t\t<\/a>\n\t\t\t<\/p>\n<\/div>\n\t\t\t\t<\/div>\n\t\t\t\t<\/div>\n\t\t\t\t\t<\/div>\n\t\t<\/div>\n\t\t\t\t<div class=\"elementor-column elementor-col-50 elementor-top-column elementor-element elementor-element-e445f6b\" data-id=\"e445f6b\" data-element_type=\"column\" data-e-type=\"column\">\n\t\t\t<div class=\"elementor-widget-wrap elementor-element-populated\">\n\t\t\t\t\t\t<div class=\"elementor-element elementor-element-9951e6e elementor-widget elementor-widget-bottanika_core_google_map\" data-id=\"9951e6e\" data-element_type=\"widget\" data-e-type=\"widget\" data-widget_type=\"bottanika_core_google_map.default\">\n\t\t\t\t<div class=\"elementor-widget-container\">\n\t\t\t\t\t<div class=\"qodef-shortcode qodef-m  qodef-google-map\">\n\t<div class=\"qodef-m-map\" id=\"qodef-map-id--266\" data-addresses='[\"232 Monroe St, Hoboken, NJ 07030, \u0421\u0458\u0435\u0434\u0438\u045a\u0435\u043d\u0435 \u0414\u0440\u0436\u0430\u0432\u0435\"]' data-pin=https:\/\/purdelys.com\/wp-content\/uploads\/2021\/09\/Map-pin.png data-unique-id=266 data-height=400><\/div>\n<\/div>\n\t\t\t\t<\/div>\n\t\t\t\t<\/div>\n\t\t\t\t<div class=\"elementor-element elementor-element-a39d88e elementor-widget elementor-widget-shortcode\" data-id=\"a39d88e\" data-element_type=\"widget\" data-e-type=\"widget\" data-widget_type=\"shortcode.default\">\n\t\t\t\t<div class=\"elementor-widget-container\">\n\t\t\t\t\t\t\t<div class=\"elementor-shortcode\">\n<div class=\"wpcf7 no-js\" id=\"wpcf7-f9023-o1\" lang=\"fr-CA\" dir=\"ltr\" data-wpcf7-id=\"9023\">\n<div class=\"screen-reader-response\"><p role=\"status\" aria-live=\"polite\" aria-atomic=\"true\"><\/p> <ul><\/ul><\/div>\n<form action=\"\/en\/wp-json\/wp\/v2\/pages\/8910#wpcf7-f9023-o1\" method=\"post\" class=\"wpcf7-form init\" aria-label=\"Contact form\" novalidate=\"novalidate\" data-status=\"init\">\n<fieldset class=\"hidden-fields-container\"><input type=\"hidden\" name=\"_wpcf7\" value=\"9023\" \/><input type=\"hidden\" name=\"_wpcf7_version\" value=\"6.1.5\" \/><input type=\"hidden\" name=\"_wpcf7_locale\" value=\"fr_CA\" \/><input type=\"hidden\" name=\"_wpcf7_unit_tag\" value=\"wpcf7-f9023-o1\" \/><input type=\"hidden\" name=\"_wpcf7_container_post\" value=\"0\" \/><input type=\"hidden\" name=\"_wpcf7_posted_data_hash\" value=\"\" \/><input type=\"hidden\" name=\"_wpcf7_recaptcha_response\" value=\"\" \/>\n<\/fieldset>\n<p><label> Your name<br \/>\n<span class=\"wpcf7-form-control-wrap\" data-name=\"your-name\"><input size=\"40\" maxlength=\"400\" class=\"wpcf7-form-control wpcf7-text wpcf7-validates-as-required\" autocomplete=\"name\" aria-required=\"true\" aria-invalid=\"false\" value=\"\" type=\"text\" name=\"your-name\" \/><\/span> <\/label>\n<\/p>\n<p><label> Your email<br \/>\n<span class=\"wpcf7-form-control-wrap\" data-name=\"your-email\"><input size=\"40\" maxlength=\"400\" class=\"wpcf7-form-control wpcf7-email wpcf7-validates-as-required wpcf7-text wpcf7-validates-as-email\" autocomplete=\"email\" aria-required=\"true\" aria-invalid=\"false\" value=\"\" type=\"email\" name=\"your-email\" \/><\/span> <\/label>\n<\/p>\n<p><label> Subject<br \/>\n<span class=\"wpcf7-form-control-wrap\" data-name=\"your-subject\"><input size=\"40\" maxlength=\"400\" class=\"wpcf7-form-control wpcf7-text wpcf7-validates-as-required\" aria-required=\"true\" aria-invalid=\"false\" value=\"\" type=\"text\" name=\"your-subject\" \/><\/span> <\/label>\n<\/p>\n<p><label> Your Message (optional)<br \/>\n<span class=\"wpcf7-form-control-wrap\" data-name=\"your-message\"><textarea cols=\"40\" rows=\"10\" maxlength=\"2000\" class=\"wpcf7-form-control wpcf7-textarea\" aria-invalid=\"false\" name=\"your-message\"><\/textarea><\/span> <\/label>\n<\/p>\n<p><button class=\"wpcf7-form-control wpcf7-submit qodef-button qodef-size--normal qodef-layout--filled qodef-m\" type=\"submit\"><span class=\"qodef-m-border--top-left\"><\/span><span class=\"qodef-m-border--bottom-right\"><\/span><span class=\"qodef-m-text\">Send<\/span><\/button>\n<\/p><div class=\"wpcf7-response-output\" aria-hidden=\"true\"><\/div>\n<\/form>\n<\/div>\n<\/div>\n\t\t\t\t\t\t<\/div>\n\t\t\t\t<\/div>\n\t\t\t\t\t<\/div>\n\t\t<\/div>\n\t\t\t\t\t<\/div>\n\t\t<\/section>\n\t\t\t\t<\/div>\n\t\t","protected":false},"excerpt":{"rendered":"<p>Farming in Saint-Isidore-de-Laprairie, Quebec Jardins PurD\u00e9lys PurD\u00e9lys is proud to produce certified organic fruits, vegetables, and grains, marketed through our division, Mara\u00eechers Bec Sucr\u00e9. Our organic production is dedicated to supplying food chains in Quebec, Canada, and the United States. 565 Rang Saint-R\u00e9gis, Saint-Isidore-de-Laprairie, QC, Canada, J0L 2A0 info@mbecsucre.ca + 450 454-4110<\/p>\n","protected":false},"author":1,"featured_media":0,"parent":0,"menu_order":0,"comment_status":"closed","ping_status":"closed","template":"page-full-width.php","meta":{"footnotes":""},"class_list":["post-8910","page","type-page","status-publish","hentry"],"_links":{"self":[{"href":"https:\/\/purdelys.com\/en\/wp-json\/wp\/v2\/pages\/8910","targetHints":{"allow":["GET"]}}],"collection":[{"href":"https:\/\/purdelys.com\/en\/wp-json\/wp\/v2\/pages"}],"about":[{"href":"https:\/\/purdelys.com\/en\/wp-json\/wp\/v2\/types\/page"}],"author":[{"embeddable":true,"href":"https:\/\/purdelys.com\/en\/wp-json\/wp\/v2\/users\/1"}],"replies":[{"embeddable":true,"href":"https:\/\/purdelys.com\/en\/wp-json\/wp\/v2\/comments?post=8910"}],"version-history":[{"count":7,"href":"https:\/\/purdelys.com\/en\/wp-json\/wp\/v2\/pages\/8910\/revisions"}],"predecessor-version":[{"id":9106,"href":"https:\/\/purdelys.com\/en\/wp-json\/wp\/v2\/pages\/8910\/revisions\/9106"}],"wp:attachment":[{"href":"https:\/\/purdelys.com\/en\/wp-json\/wp\/v2\/media?parent=8910"}],"curies":[{"name":"wp","href":"https:\/\/api.w.org\/{rel}","templated":true}]}}